{"id":1375,"date":"2022-02-28T10:34:01","date_gmt":"2022-02-28T10:34:01","guid":{"rendered":"https:\/\/topdeck-sprachen.ch\/a-propos-de-topdeck-sprachen\/"},"modified":"2023-09-11T13:59:35","modified_gmt":"2023-09-11T13:59:35","slug":"a-propos","status":"publish","type":"page","link":"https:\/\/topdeck-sprachen.ch\/fr\/a-propos\/","title":{"rendered":"\u00c0 propos de Topdeck Sprachen"},"content":{"rendered":"<section class=\"l-section wpb_row height_auto width_full with_img parallax_ver\"><div class=\"l-section-img\" role=\"img\" data-img-width=\"1020\" data-img-height=\"680\" style=\"background-image: url(https:\/\/topdeck-sprachen.ch\/wp-content\/uploads\/2021\/07\/DSC_1477-1.jpg);background-position: bottom center;background-repeat: no-repeat;\"><\/div><div class=\"l-section-h i-cf\"><div class=\"g-cols vc_row via_flex valign_top type_default stacking_default\"><div class=\"vc_col-sm-3 wpb_column vc_column_container\"><div class=\"vc_column-inner\"><div class=\"wpb_wrapper\"><\/div><\/div><\/div><div class=\"vc_col-sm-6 wpb_column vc_column_container has_text_color\"><div class=\"vc_column-inner us_custom_6df4bc3a\"><div class=\"wpb_wrapper\"><div class=\"ult-spacer spacer-69e4cc9f4dba7\" data-id=\"69e4cc9f4dba7\" data-height=\"300\" data-height-mobile=\"50\" data-height-tab=\"150\" data-height-tab-portrait=\"150\" data-height-mobile-landscape=\"50\" style=\"clear:both;display:block;\"><\/div><div class=\"ult-spacer spacer-69e4cc9f4dc22\" data-id=\"69e4cc9f4dc22\" data-height=\"20\" data-height-mobile=\"5\" data-height-tab=\"15\" data-height-tab-portrait=\"15\" data-height-mobile-landscape=\"5\" style=\"clear:both;display:block;\"><\/div><div class=\"wpb_text_column us_custom_5b322e74\"><div class=\"wpb_wrapper\"><h2 style=\"text-align: center;\">\u00c0 propos de Topdeck Sprachen<\/h2>\n<\/div><\/div><div class=\"ult-spacer spacer-69e4cc9f4e53f\" data-id=\"69e4cc9f4e53f\" data-height=\"20\" data-height-mobile=\"5\" data-height-tab=\"15\" data-height-tab-portrait=\"15\" data-height-mobile-landscape=\"5\" style=\"clear:both;display:block;\"><\/div><div class=\" ubtn-ctn-center \"><a class=\"ubtn-link ult-adjust-bottom-margin ubtn-center ubtn-small \" href=\"#contact\" title=\"Contact\" ><button type=\"button\" id=\"ubtn-3451\"  class=\"ubtn ult-adjust-bottom-margin ult-responsive ubtn-small ubtn-fade-bg  none  ubtn-center   tooltip-69e4cc9f4e5e2\"  data-hover=\"#ffffff\" data-border-color=\"\" data-bg=\"#686868\" data-hover-bg=\"rgba(104,104,104,0.5)\" data-border-hover=\"\" data-shadow-hover=\"\" data-shadow-click=\"none\" data-shadow=\"\" data-shd-shadow=\"\"  data-ultimate-target='#ubtn-3451'  data-responsive-json-new='{\"font-size\":\"desktop:20px;\",\"line-height\":\"\"}'  style=\"font-weight:normal;border-radius:5px;border-width:0px;border-color:;border-style:solid;background: #686868;color: #ffffff;\"><span class=\"ubtn-hover\" style=\"background-color:rgba(104,104,104,0.5)\"><\/span><span class=\"ubtn-data ubtn-text \" >Contact<\/span><\/button><\/a><\/div><div class=\"ult-spacer spacer-69e4cc9f4e6f4\" data-id=\"69e4cc9f4e6f4\" data-height=\"200\" data-height-mobile=\"50\" data-height-tab=\"150\" data-height-tab-portrait=\"150\" data-height-mobile-landscape=\"50\" style=\"clear:both;display:block;\"><\/div><\/div><\/div><\/div><div class=\"vc_col-sm-3 wpb_column vc_column_container\"><div class=\"vc_column-inner\"><div class=\"wpb_wrapper\"><\/div><\/div><\/div><\/div><\/div><\/section><section class=\"l-section wpb_row height_medium\"><div class=\"l-section-h i-cf\"><div class=\"g-cols vc_row via_flex valign_top type_default stacking_default\"><div class=\"vc_col-sm-12 wpb_column vc_column_container\"><div class=\"vc_column-inner\"><div class=\"wpb_wrapper\"><div class=\"wpb_text_column\"><div class=\"wpb_wrapper\"><h1 style=\"text-align: center;\">Topdeck Sprachen &#8211; ton \u00e9cole de langues \u00e0 Bienne<\/h1>\n<\/div><\/div><\/div><\/div><\/div><\/div><\/div><\/section><section class=\"l-section wpb_row height_medium\"><div class=\"l-section-h i-cf\"><div class=\"g-cols vc_row via_flex valign_top type_default stacking_default\"><div class=\"vc_col-sm-4 wpb_column vc_column_container\"><div class=\"vc_column-inner\"><div class=\"wpb_wrapper\"><div class=\"wpb_text_column\"><div class=\"wpb_wrapper\"><p>Topdeck Sprachen est une \u00e9cole de langues innovante et conviviale \u00e0 Bienne. Mon travail est ma grande passion et j&rsquo;aime f\u00eater les succ\u00e8s d&rsquo;apprentissage avec mes \u00e9l\u00e8ves !<\/p>\n<p>Chez Topdeck Sprachen, le plaisir d&rsquo;apprendre joue un r\u00f4le important. Je suis s\u00fbre que la meilleure fa\u00e7on de ma\u00eetriser une nouvelle langue, et le plus rapidement possible, est d&rsquo;avoir du plaisir \u00e0 apprendre, d&rsquo;\u00eatre curieux et d&rsquo;apprendre dans une atmosph\u00e8re d\u00e9tendue.<\/p>\n<p>C&rsquo;est pourquoi tu te sentiras \u00e0 l&rsquo;aise dans ma salle d&rsquo;\u00e9tude d\u00e9tendue et tu vivras une exp\u00e9rience d&rsquo;apprentissage formidable !<\/p>\n<\/div><\/div><\/div><\/div><\/div><div class=\"vc_col-sm-4 wpb_column vc_column_container\"><div class=\"vc_column-inner\"><div class=\"wpb_wrapper\"><div class=\"wpb_text_column\"><div class=\"wpb_wrapper\"><p>Apr\u00e8s une vingtaine d&rsquo;ann\u00e9es d&rsquo;exp\u00e9rience dans d&rsquo;autres \u00e9coles de langues, j&rsquo;ai fond\u00e9 Topdeck Sprachen en 2020 et je travaille d\u00e9sormais de mani\u00e8re totalement ind\u00e9pendante.<\/p>\n<p>J&rsquo;ai un dipl\u00f4me universitaire en <a href=\"https:\/\/www.unifr.ch\/germanistik\/de\/\">germanistique et linguistique<\/a> et un master en Masterabschluss in <a href=\"http:\/\/studies.unifr.ch\/de\/bachelor\/multi\/germanforeignlanguage\">allemand langue \u00e9trang\u00e8re (DaF)\/ allemand langue seconde (DaZ)<\/a> de l&rsquo;<a href=\"https:\/\/www.unifr.ch\/home\/fr\/\">Universit\u00e9 de Fribourg<\/a>, o\u00f9 j&rsquo;ai \u00e9galement co-\u00e9crit l&rsquo;ouvrage didactique <a href=\"https:\/\/www.amazon.de\/-\/en\/Autorenteam\/dp\/3292005108\"><em>Chunsch druus<\/em><\/a>.<\/p>\n<\/div><\/div><\/div><\/div><\/div><div class=\"vc_col-sm-4 wpb_column vc_column_container\"><div class=\"vc_column-inner\"><div class=\"wpb_wrapper\"><div class=\"w-image align_none us_animate_fade\"><div class=\"w-image-h\"><img loading=\"lazy\" decoding=\"async\" width=\"1240\" height=\"980\" src=\"https:\/\/topdeck-sprachen.ch\/wp-content\/uploads\/2021\/07\/Design-ohne-Titel.png\" class=\"attachment-full size-full\" alt=\"\" srcset=\"https:\/\/topdeck-sprachen.ch\/wp-content\/uploads\/2021\/07\/Design-ohne-Titel.png 1240w, https:\/\/topdeck-sprachen.ch\/wp-content\/uploads\/2021\/07\/Design-ohne-Titel-300x237.png 300w, https:\/\/topdeck-sprachen.ch\/wp-content\/uploads\/2021\/07\/Design-ohne-Titel-1024x809.png 1024w\" sizes=\"(max-width: 1240px) 100vw, 1240px\" \/><\/div><\/div><div class=\"wpb_text_column\"><div class=\"wpb_wrapper\"><p>Anisa Graf<\/p>\n<\/div><\/div><\/div><\/div><\/div><\/div><\/div><\/section><section class=\"l-section wpb_row height_medium\"><div class=\"l-section-h i-cf\"><div class=\"g-cols vc_row via_flex valign_top type_default stacking_default\"><div class=\"vc_col-sm-12 wpb_column vc_column_container\"><div class=\"vc_column-inner\"><div class=\"wpb_wrapper\"><\/div><\/div><\/div><\/div><\/div><\/section>\n","protected":false},"excerpt":{"rendered":"\u00c0 propos de Topdeck Sprachen ContactTopdeck Sprachen &#8211; ton \u00e9cole de langues \u00e0 Bienne Topdeck Sprachen est une \u00e9cole de langues innovante et conviviale \u00e0 Bienne. Mon travail est ma grande passion et j&rsquo;aime f\u00eater les succ\u00e8s d&rsquo;apprentissage avec mes \u00e9l\u00e8ves ! Chez Topdeck Sprachen, le plaisir d&rsquo;apprendre joue un r\u00f4le important. Je suis s\u00fbre...","protected":false},"author":1,"featured_media":0,"parent":0,"menu_order":0,"comment_status":"closed","ping_status":"closed","template":"","meta":{"footnotes":""},"yoast_head":"<!-- This site is optimized with the Yoast SEO plugin v23.5 - https:\/\/yoast.com\/wordpress\/plugins\/seo\/ -->\n<title>\u00c0 propos de Topdeck Sprachen - topdeck-sprachen.ch<\/title>\n<meta name=\"robots\" content=\"noindex, nofollow\" \/>\n<meta property=\"og:locale\" content=\"fr_FR\" \/>\n<meta property=\"og:type\" content=\"article\" \/>\n<meta property=\"og:title\" content=\"\u00c0 propos de Topdeck Sprachen - topdeck-sprachen.ch\" \/>\n<meta property=\"og:url\" content=\"https:\/\/topdeck-sprachen.ch\/fr\/a-propos\/\" \/>\n<meta property=\"og:site_name\" content=\"topdeck-sprachen.ch\" \/>\n<meta property=\"article:modified_time\" content=\"2023-09-11T13:59:35+00:00\" \/>\n<meta name=\"twitter:card\" content=\"summary_large_image\" \/>\n<meta name=\"twitter:label1\" content=\"Dur\u00e9e de lecture estim\u00e9e\" \/>\n\t<meta name=\"twitter:data1\" content=\"2 minutes\" \/>\n<script type=\"application\/ld+json\" class=\"yoast-schema-graph\">{\"@context\":\"https:\/\/schema.org\",\"@graph\":[{\"@type\":\"WebPage\",\"@id\":\"https:\/\/topdeck-sprachen.ch\/fr\/a-propos\/\",\"url\":\"https:\/\/topdeck-sprachen.ch\/fr\/a-propos\/\",\"name\":\"\u00c0 propos de Topdeck Sprachen - topdeck-sprachen.ch\",\"isPartOf\":{\"@id\":\"https:\/\/topdeck-sprachen.ch\/#website\"},\"datePublished\":\"2022-02-28T10:34:01+00:00\",\"dateModified\":\"2023-09-11T13:59:35+00:00\",\"breadcrumb\":{\"@id\":\"https:\/\/topdeck-sprachen.ch\/fr\/a-propos\/#breadcrumb\"},\"inLanguage\":\"fr-FR\",\"potentialAction\":[{\"@type\":\"ReadAction\",\"target\":[\"https:\/\/topdeck-sprachen.ch\/fr\/a-propos\/\"]}]},{\"@type\":\"BreadcrumbList\",\"@id\":\"https:\/\/topdeck-sprachen.ch\/fr\/a-propos\/#breadcrumb\",\"itemListElement\":[{\"@type\":\"ListItem\",\"position\":1,\"name\":\"Home\",\"item\":\"https:\/\/topdeck-sprachen.ch\/fr\/\"},{\"@type\":\"ListItem\",\"position\":2,\"name\":\"\u00c0 propos de Topdeck Sprachen\"}]},{\"@type\":\"WebSite\",\"@id\":\"https:\/\/topdeck-sprachen.ch\/#website\",\"url\":\"https:\/\/topdeck-sprachen.ch\/\",\"name\":\"topdeck-sprachen.ch\",\"description\":\"\",\"potentialAction\":[{\"@type\":\"SearchAction\",\"target\":{\"@type\":\"EntryPoint\",\"urlTemplate\":\"https:\/\/topdeck-sprachen.ch\/?s={search_term_string}\"},\"query-input\":{\"@type\":\"PropertyValueSpecification\",\"valueRequired\":true,\"valueName\":\"search_term_string\"}}],\"inLanguage\":\"fr-FR\"}]}<\/script>\n<!-- \/ Yoast SEO plugin. -->","yoast_head_json":{"title":"\u00c0 propos de Topdeck Sprachen - topdeck-sprachen.ch","robots":{"index":"noindex","follow":"nofollow"},"og_locale":"fr_FR","og_type":"article","og_title":"\u00c0 propos de Topdeck Sprachen - topdeck-sprachen.ch","og_url":"https:\/\/topdeck-sprachen.ch\/fr\/a-propos\/","og_site_name":"topdeck-sprachen.ch","article_modified_time":"2023-09-11T13:59:35+00:00","twitter_card":"summary_large_image","twitter_misc":{"Dur\u00e9e de lecture estim\u00e9e":"2 minutes"},"schema":{"@context":"https:\/\/schema.org","@graph":[{"@type":"WebPage","@id":"https:\/\/topdeck-sprachen.ch\/fr\/a-propos\/","url":"https:\/\/topdeck-sprachen.ch\/fr\/a-propos\/","name":"\u00c0 propos de Topdeck Sprachen - topdeck-sprachen.ch","isPartOf":{"@id":"https:\/\/topdeck-sprachen.ch\/#website"},"datePublished":"2022-02-28T10:34:01+00:00","dateModified":"2023-09-11T13:59:35+00:00","breadcrumb":{"@id":"https:\/\/topdeck-sprachen.ch\/fr\/a-propos\/#breadcrumb"},"inLanguage":"fr-FR","potentialAction":[{"@type":"ReadAction","target":["https:\/\/topdeck-sprachen.ch\/fr\/a-propos\/"]}]},{"@type":"BreadcrumbList","@id":"https:\/\/topdeck-sprachen.ch\/fr\/a-propos\/#breadcrumb","itemListElement":[{"@type":"ListItem","position":1,"name":"Home","item":"https:\/\/topdeck-sprachen.ch\/fr\/"},{"@type":"ListItem","position":2,"name":"\u00c0 propos de Topdeck Sprachen"}]},{"@type":"WebSite","@id":"https:\/\/topdeck-sprachen.ch\/#website","url":"https:\/\/topdeck-sprachen.ch\/","name":"topdeck-sprachen.ch","description":"","potentialAction":[{"@type":"SearchAction","target":{"@type":"EntryPoint","urlTemplate":"https:\/\/topdeck-sprachen.ch\/?s={search_term_string}"},"query-input":{"@type":"PropertyValueSpecification","valueRequired":true,"valueName":"search_term_string"}}],"inLanguage":"fr-FR"}]}},"_links":{"self":[{"href":"https:\/\/topdeck-sprachen.ch\/fr\/wp-json\/wp\/v2\/pages\/1375"}],"collection":[{"href":"https:\/\/topdeck-sprachen.ch\/fr\/wp-json\/wp\/v2\/pages"}],"about":[{"href":"https:\/\/topdeck-sprachen.ch\/fr\/wp-json\/wp\/v2\/types\/page"}],"author":[{"embeddable":true,"href":"https:\/\/topdeck-sprachen.ch\/fr\/wp-json\/wp\/v2\/users\/1"}],"replies":[{"embeddable":true,"href":"https:\/\/topdeck-sprachen.ch\/fr\/wp-json\/wp\/v2\/comments?post=1375"}],"version-history":[{"count":22,"href":"https:\/\/topdeck-sprachen.ch\/fr\/wp-json\/wp\/v2\/pages\/1375\/revisions"}],"predecessor-version":[{"id":2120,"href":"https:\/\/topdeck-sprachen.ch\/fr\/wp-json\/wp\/v2\/pages\/1375\/revisions\/2120"}],"wp:attachment":[{"href":"https:\/\/topdeck-sprachen.ch\/fr\/wp-json\/wp\/v2\/media?parent=1375"}],"curies":[{"name":"wp","href":"https:\/\/api.w.org\/{rel}","templated":true}]}}